{"id":999,"date":"2022-12-09T08:45:32","date_gmt":"2022-12-09T07:45:32","guid":{"rendered":"https:\/\/www.mue-line.de\/?post_type=product&#038;p=999"},"modified":"2024-01-22T14:46:03","modified_gmt":"2024-01-22T13:46:03","slug":"konfigurator-fuer-%c2%b5flow","status":"publish","type":"product","link":"https:\/\/www.mue-line.de\/en\/artikel\/konfigurator-fuer-%c2%b5flow\/","title":{"rendered":"Konfigurator f\u00fcr \u00b5flow"},"content":{"rendered":"","protected":false},"excerpt":{"rendered":"<p>Die Funkaufsatzmodule skyW-2\/skyE-2 erm\u00f6glichen die einfache Aufr\u00fcstung von Wasserz\u00e4hlern der Modularis-Reihe (skyW-2) und der Picoflux Aufputzz\u00e4hlern (skyE-2) zur Integration in bestehende OMS-kompatible Funkinfrastrukturen.<\/p>\n","protected":false},"featured_media":478,"template":"","meta":[],"product_cat":[17],"product_tag":[],"yoast_head":"<!-- This site is optimized with the Yoast SEO plugin v24.5 - https:\/\/yoast.com\/wordpress\/plugins\/seo\/ -->\n<title>Konfigurator f\u00fcr \u00b5flow | \u00b5line | Smart Metering | Verbrauchsablesung per Funk<\/title>\n<meta name=\"robots\" content=\"index, follow, max-snippet:-1, max-image-preview:large, max-video-preview:-1\" \/>\n<link rel=\"canonical\" href=\"https:\/\/www.mue-line.de\/artikel\/konfigurator-fuer-\u00b5flow\/\" \/>\n<meta property=\"og:locale\" content=\"en_US\" \/>\n<meta property=\"og:type\" content=\"article\" \/>\n<meta property=\"og:title\" content=\"Konfigurator f\u00fcr \u00b5flow | \u00b5line | Smart Metering | Verbrauchsablesung per Funk\" \/>\n<meta property=\"og:description\" content=\"Die Funkaufsatzmodule skyW-2\/skyE-2 erm\u00f6glichen die einfache Aufr\u00fcstung von Wasserz\u00e4hlern der Modularis-Reihe (skyW-2) und der Picoflux Aufputzz\u00e4hlern (skyE-2) zur Integration in bestehende OMS-kompatible Funkinfrastrukturen.\" \/>\n<meta property=\"og:url\" content=\"https:\/\/www.mue-line.de\/artikel\/konfigurator-fuer-\u00b5flow\/\" \/>\n<meta property=\"og:site_name\" content=\"\u00b5line | Smart Metering | Verbrauchsablesung per Funk\" \/>\n<meta property=\"article:modified_time\" content=\"2024-01-22T13:46:03+00:00\" \/>\n<meta property=\"og:image\" content=\"https:\/\/www.mue-line.de\/wp-content\/uploads\/2022\/06\/Funk-Aufsatzmodule-fuer-Wasserzaehler-\u00b5flow-1.jpg\" \/>\n\t<meta property=\"og:image:width\" content=\"1200\" \/>\n\t<meta property=\"og:image:height\" content=\"1200\" \/>\n\t<meta property=\"og:image:type\" content=\"image\/jpeg\" \/>\n<meta name=\"twitter:card\" content=\"summary_large_image\" \/>\n<script type=\"application\/ld+json\" class=\"yoast-schema-graph\">{\"@context\":\"https:\/\/schema.org\",\"@graph\":[{\"@type\":\"WebPage\",\"@id\":\"https:\/\/www.mue-line.de\/artikel\/konfigurator-fuer-%c2%b5flow\/\",\"url\":\"https:\/\/www.mue-line.de\/artikel\/konfigurator-fuer-%c2%b5flow\/\",\"name\":\"Konfigurator f\u00fcr \u00b5flow | \u00b5line | Smart Metering | Verbrauchsablesung per Funk\",\"isPartOf\":{\"@id\":\"https:\/\/www.mue-line.de\/#website\"},\"primaryImageOfPage\":{\"@id\":\"https:\/\/www.mue-line.de\/artikel\/konfigurator-fuer-%c2%b5flow\/#primaryimage\"},\"image\":{\"@id\":\"https:\/\/www.mue-line.de\/artikel\/konfigurator-fuer-%c2%b5flow\/#primaryimage\"},\"thumbnailUrl\":\"https:\/\/www.mue-line.de\/wp-content\/uploads\/2022\/06\/Funk-Aufsatzmodule-fuer-Wasserzaehler-\u00b5flow-1.jpg\",\"datePublished\":\"2022-12-09T07:45:32+00:00\",\"dateModified\":\"2024-01-22T13:46:03+00:00\",\"breadcrumb\":{\"@id\":\"https:\/\/www.mue-line.de\/artikel\/konfigurator-fuer-%c2%b5flow\/#breadcrumb\"},\"inLanguage\":\"en-US\",\"potentialAction\":[{\"@type\":\"ReadAction\",\"target\":[\"https:\/\/www.mue-line.de\/artikel\/konfigurator-fuer-%c2%b5flow\/\"]}]},{\"@type\":\"ImageObject\",\"inLanguage\":\"en-US\",\"@id\":\"https:\/\/www.mue-line.de\/artikel\/konfigurator-fuer-%c2%b5flow\/#primaryimage\",\"url\":\"https:\/\/www.mue-line.de\/wp-content\/uploads\/2022\/06\/Funk-Aufsatzmodule-fuer-Wasserzaehler-\u00b5flow-1.jpg\",\"contentUrl\":\"https:\/\/www.mue-line.de\/wp-content\/uploads\/2022\/06\/Funk-Aufsatzmodule-fuer-Wasserzaehler-\u00b5flow-1.jpg\",\"width\":1200,\"height\":1200},{\"@type\":\"BreadcrumbList\",\"@id\":\"https:\/\/www.mue-line.de\/artikel\/konfigurator-fuer-%c2%b5flow\/#breadcrumb\",\"itemListElement\":[{\"@type\":\"ListItem\",\"position\":1,\"name\":\"Startseite\",\"item\":\"https:\/\/www.mue-line.de\/en\/\"},{\"@type\":\"ListItem\",\"position\":2,\"name\":\"\u00b5line\",\"item\":\"https:\/\/www.mue-line.de\/en\/%c2%b5line-products\/\"},{\"@type\":\"ListItem\",\"position\":3,\"name\":\"Konfigurator f\u00fcr \u00b5flow\"}]},{\"@type\":\"WebSite\",\"@id\":\"https:\/\/www.mue-line.de\/#website\",\"url\":\"https:\/\/www.mue-line.de\/\",\"name\":\"\u00b5line | Smart Metering | Verbrauchsablesung per Funk\",\"description\":\"\",\"publisher\":{\"@id\":\"https:\/\/www.mue-line.de\/#organization\"},\"potentialAction\":[{\"@type\":\"SearchAction\",\"target\":{\"@type\":\"EntryPoint\",\"urlTemplate\":\"https:\/\/www.mue-line.de\/?s={search_term_string}\"},\"query-input\":{\"@type\":\"PropertyValueSpecification\",\"valueRequired\":true,\"valueName\":\"search_term_string\"}}],\"inLanguage\":\"en-US\"},{\"@type\":\"Organization\",\"@id\":\"https:\/\/www.mue-line.de\/#organization\",\"name\":\"\u00b5line eine Marke der M\u00fcller-electronic GmbH\",\"url\":\"https:\/\/www.mue-line.de\/\",\"logo\":{\"@type\":\"ImageObject\",\"inLanguage\":\"en-US\",\"@id\":\"https:\/\/www.mue-line.de\/#\/schema\/logo\/image\/\",\"url\":\"https:\/\/www.mue-line.de\/wp-content\/uploads\/2022\/10\/logo-mueline_600.png\",\"contentUrl\":\"https:\/\/www.mue-line.de\/wp-content\/uploads\/2022\/10\/logo-mueline_600.png\",\"width\":587,\"height\":204,\"caption\":\"\u00b5line eine Marke der M\u00fcller-electronic GmbH\"},\"image\":{\"@id\":\"https:\/\/www.mue-line.de\/#\/schema\/logo\/image\/\"},\"sameAs\":[\"https:\/\/www.instagram.com\/mueller_electronic\/\",\"https:\/\/www.linkedin.com\/company\/mller-electronic-gmbh\/\"]}]}<\/script>\n<!-- \/ Yoast SEO plugin. -->","yoast_head_json":{"title":"Konfigurator f\u00fcr \u00b5flow | \u00b5line | Smart Metering | Verbrauchsablesung per Funk","robots":{"index":"index","follow":"follow","max-snippet":"max-snippet:-1","max-image-preview":"max-image-preview:large","max-video-preview":"max-video-preview:-1"},"canonical":"https:\/\/www.mue-line.de\/artikel\/konfigurator-fuer-\u00b5flow\/","og_locale":"en_US","og_type":"article","og_title":"Konfigurator f\u00fcr \u00b5flow | \u00b5line | Smart Metering | Verbrauchsablesung per Funk","og_description":"Die Funkaufsatzmodule skyW-2\/skyE-2 erm\u00f6glichen die einfache Aufr\u00fcstung von Wasserz\u00e4hlern der Modularis-Reihe (skyW-2) und der Picoflux Aufputzz\u00e4hlern (skyE-2) zur Integration in bestehende OMS-kompatible Funkinfrastrukturen.","og_url":"https:\/\/www.mue-line.de\/artikel\/konfigurator-fuer-\u00b5flow\/","og_site_name":"\u00b5line | Smart Metering | Verbrauchsablesung per Funk","article_modified_time":"2024-01-22T13:46:03+00:00","og_image":[{"width":1200,"height":1200,"url":"https:\/\/www.mue-line.de\/wp-content\/uploads\/2022\/06\/Funk-Aufsatzmodule-fuer-Wasserzaehler-\u00b5flow-1.jpg","type":"image\/jpeg"}],"twitter_card":"summary_large_image","schema":{"@context":"https:\/\/schema.org","@graph":[{"@type":"WebPage","@id":"https:\/\/www.mue-line.de\/artikel\/konfigurator-fuer-%c2%b5flow\/","url":"https:\/\/www.mue-line.de\/artikel\/konfigurator-fuer-%c2%b5flow\/","name":"Konfigurator f\u00fcr \u00b5flow | \u00b5line | Smart Metering | Verbrauchsablesung per Funk","isPartOf":{"@id":"https:\/\/www.mue-line.de\/#website"},"primaryImageOfPage":{"@id":"https:\/\/www.mue-line.de\/artikel\/konfigurator-fuer-%c2%b5flow\/#primaryimage"},"image":{"@id":"https:\/\/www.mue-line.de\/artikel\/konfigurator-fuer-%c2%b5flow\/#primaryimage"},"thumbnailUrl":"https:\/\/www.mue-line.de\/wp-content\/uploads\/2022\/06\/Funk-Aufsatzmodule-fuer-Wasserzaehler-\u00b5flow-1.jpg","datePublished":"2022-12-09T07:45:32+00:00","dateModified":"2024-01-22T13:46:03+00:00","breadcrumb":{"@id":"https:\/\/www.mue-line.de\/artikel\/konfigurator-fuer-%c2%b5flow\/#breadcrumb"},"inLanguage":"en-US","potentialAction":[{"@type":"ReadAction","target":["https:\/\/www.mue-line.de\/artikel\/konfigurator-fuer-%c2%b5flow\/"]}]},{"@type":"ImageObject","inLanguage":"en-US","@id":"https:\/\/www.mue-line.de\/artikel\/konfigurator-fuer-%c2%b5flow\/#primaryimage","url":"https:\/\/www.mue-line.de\/wp-content\/uploads\/2022\/06\/Funk-Aufsatzmodule-fuer-Wasserzaehler-\u00b5flow-1.jpg","contentUrl":"https:\/\/www.mue-line.de\/wp-content\/uploads\/2022\/06\/Funk-Aufsatzmodule-fuer-Wasserzaehler-\u00b5flow-1.jpg","width":1200,"height":1200},{"@type":"BreadcrumbList","@id":"https:\/\/www.mue-line.de\/artikel\/konfigurator-fuer-%c2%b5flow\/#breadcrumb","itemListElement":[{"@type":"ListItem","position":1,"name":"Startseite","item":"https:\/\/www.mue-line.de\/en\/"},{"@type":"ListItem","position":2,"name":"\u00b5line","item":"https:\/\/www.mue-line.de\/en\/%c2%b5line-products\/"},{"@type":"ListItem","position":3,"name":"Konfigurator f\u00fcr \u00b5flow"}]},{"@type":"WebSite","@id":"https:\/\/www.mue-line.de\/#website","url":"https:\/\/www.mue-line.de\/","name":"\u00b5line | Smart Metering | Verbrauchsablesung per Funk","description":"","publisher":{"@id":"https:\/\/www.mue-line.de\/#organization"},"potentialAction":[{"@type":"SearchAction","target":{"@type":"EntryPoint","urlTemplate":"https:\/\/www.mue-line.de\/?s={search_term_string}"},"query-input":{"@type":"PropertyValueSpecification","valueRequired":true,"valueName":"search_term_string"}}],"inLanguage":"en-US"},{"@type":"Organization","@id":"https:\/\/www.mue-line.de\/#organization","name":"\u00b5line eine Marke der M\u00fcller-electronic GmbH","url":"https:\/\/www.mue-line.de\/","logo":{"@type":"ImageObject","inLanguage":"en-US","@id":"https:\/\/www.mue-line.de\/#\/schema\/logo\/image\/","url":"https:\/\/www.mue-line.de\/wp-content\/uploads\/2022\/10\/logo-mueline_600.png","contentUrl":"https:\/\/www.mue-line.de\/wp-content\/uploads\/2022\/10\/logo-mueline_600.png","width":587,"height":204,"caption":"\u00b5line eine Marke der M\u00fcller-electronic GmbH"},"image":{"@id":"https:\/\/www.mue-line.de\/#\/schema\/logo\/image\/"},"sameAs":["https:\/\/www.instagram.com\/mueller_electronic\/","https:\/\/www.linkedin.com\/company\/mller-electronic-gmbh\/"]}]}},"wcpa_form_fields":null,"_links":{"self":[{"href":"https:\/\/www.mue-line.de\/en\/wp-json\/wp\/v2\/product\/999"}],"collection":[{"href":"https:\/\/www.mue-line.de\/en\/wp-json\/wp\/v2\/product"}],"about":[{"href":"https:\/\/www.mue-line.de\/en\/wp-json\/wp\/v2\/types\/product"}],"wp:featuredmedia":[{"embeddable":true,"href":"https:\/\/www.mue-line.de\/en\/wp-json\/wp\/v2\/media\/478"}],"wp:attachment":[{"href":"https:\/\/www.mue-line.de\/en\/wp-json\/wp\/v2\/media?parent=999"}],"wp:term":[{"taxonomy":"product_cat","embeddable":true,"href":"https:\/\/www.mue-line.de\/en\/wp-json\/wp\/v2\/product_cat?post=999"},{"taxonomy":"product_tag","embeddable":true,"href":"https:\/\/www.mue-line.de\/en\/wp-json\/wp\/v2\/product_tag?post=999"}],"curies":[{"name":"wp","href":"https:\/\/api.w.org\/{rel}","templated":true}]}}